{"id":134,"date":"2026-03-11T22:55:15","date_gmt":"2026-03-11T15:55:15","guid":{"rendered":"https:\/\/cloudyday.com.vn\/?page_id=134"},"modified":"2026-03-12T13:52:52","modified_gmt":"2026-03-12T06:52:52","slug":"chinh-sach-doi-tra","status":"publish","type":"page","link":"https:\/\/cloudyday.com.vn\/?page_id=134","title":{"rendered":"Ch\u00ednh s\u00e1ch \u0111\u1ed5i tr\u1ea3"},"content":{"rendered":"\n<div class=\"container section-title-container\" ><h3 class=\"section-title section-title-center\"><b><\/b><span class=\"section-title-main\" style=\"color:rgb(32, 61, 193);\">Ch\u00ednh s\u00e1nh \u0111\u1ed5i tr\u1ea3<\/span><b><\/b><\/h3><\/div><!-- .section-title -->\n\n<p><main class=\"main\"><\/p>\n<section class=\"mt-30 mb-30\">\n<div class=\"container\">\u0110\u1ea3m b\u1ea3o quy\u1ec1n l\u1ee3i c\u1ee7a Qu\u00fd kh\u00e1ch h\u00e0ng l\u00e0 \u01b0u ti\u00ean h\u00e0ng \u0111\u1ea7u c\u1ee7a ch\u00fang t\u00f4i, ch\u00ednh s\u00e1ch \u0111\u1ed5i tr\u1ea3 h\u00e0ng c\u1ee7a<a href=\"https:\/\/cloudyday.com.vn\/\"> cloudyday.com.vn<\/a>\u00a0quy \u0111\u1ecbnh c\u00e1c tr\u01b0\u1eddng h\u1ee3p ch\u1ea5p nh\u1eadn, y\u00eau c\u1ea7u cho s\u1ea3n ph\u1ea9m \u0111\u01b0\u1ee3c \u0111\u1ed5i tr\u1ea3 v\u00e0 th\u1eddi gian x\u1eed l\u00fd \u0111\u1ed5i tr\u1ea3 \u0111\u1ebfn qu\u00fd kh\u00e1ch h\u00e0ng nh\u01b0 sau :<\/div>\n<div class=\"container\">\n<div><u>I. QUY \u0110\u1ecaNH \u0110\u1ed4I TR\u1ea2 H\u00c0NG:<\/u><\/p>\n<div>\u2013 Kh\u00e1ch h\u00e0ng thay \u0111\u1ed5i nhu c\u1ea7u s\u1eed d\u1ee5ng, s\u1ea3n ph\u1ea9m mua r\u1ed3i nh\u01b0ng kh\u00f4ng \u01b0ng \u00fd, kh\u00f4ng h\u00e0i l\u00f2ng. Qu\u00fd kh\u00e1ch h\u00e0ng c\u00f3 th\u1ec3 tr\u1ea3 ho\u1eb7c \u0111\u1ed5i h\u00e0ng khi kh\u00f4ng v\u1eeba \u00fd trong v\u00f2ng 3 ng\u00e0y k\u1ec3 t\u1eeb ng\u00e0y nh\u1eadn h\u00e0ng. S\u1ea3n ph\u1ea9m mu\u1ed1n \u0111\u1ed5i ho\u1eb7c tr\u1ea3 c\u1ea7n gi\u1eef s\u1ea3n ph\u1ea9m nguy\u00ean \u0111ai, ch\u01b0a s\u1eed d\u1ee5ng.<br \/>\u2013 S\u1ea3n ph\u1ea9m mua b\u1ecb l\u1ed7i :<\/p>\n<div>+ S\u1ea3n ph\u1ea9m b\u1ecb l\u1ed7i, h\u1ecfng do l\u1ed7i c\u1ee7a nh\u00e0 s\u1ea3n xu\u1ea5t (l\u1ed7i v\u1ec1 thi\u1ebft k\u1ebf, kh\u00e1c bi\u1ec7t so v\u1edbi ti\u00eau chu\u1ea9n ch\u1ea5t l\u01b0\u1ee3ng \u0111\u00e3 c\u00f4ng b\u1ed1 c\u1ee7a nh\u00e0 s\u1ea3n xu\u1ea5t) ho\u1eb7c l\u1ed7i trong qu\u00e1 tr\u00ecnh v\u1eadn chuy\u1ec3n (b\u1ecb bi\u1ebfn d\u1ea1ng, tr\u1ea7y x\u01b0\u1edbc, v\u1ea5y b\u1ea9n, n\u1ee9t v\u1ee1 v.v.).<br \/>+ Trong tr\u01b0\u1eddng h\u1ee3p s\u1ea3n ph\u1ea9m b\u1ecb h\u01b0 h\u1ecfng trong qu\u00e1 tr\u00ecnh v\u1eadn chuy\u1ec3n, qu\u00fd kh\u00e1ch vui l\u00f2ng t\u1eeb ch\u1ed1i v\u00e0 g\u1eedi l\u1ea1i s\u1ea3n ph\u1ea9m cho ch\u00fang t\u00f4i. \u0110\u1ed3ng th\u1eddi th\u00f4ng b\u00e1o ngay cho ch\u00fang t\u00f4i theo s\u1ed1 \u0111i\u1ec7n tho\u1ea1i ch\u0103m s\u00f3c kh\u00e1ch h\u00e0ng: <b>0359645715<\/b><br \/>+ S\u1ea3n ph\u1ea9m giao kh\u00f4ng \u0111\u00fang theo \u0111\u01a1n \u0111\u1eb7t h\u00e0ng. H\u00e3y li\u00ean h\u1ec7 v\u1edbi ch\u00fang t\u00f4i. N\u1ebfu h\u00e0ng c\u1ee7a b\u1ea1n b\u1ecb g\u1eedi nh\u1ea7m, ch\u00fang t\u00f4i s\u1ebd g\u1eedi l\u1ea1i \u0111\u00fang m\u1eb7t h\u00e0ng Qu\u00fd kh\u00e1ch h\u00e0ng y\u00eau c\u1ea7u.<\/div>\n<\/div>\n<p><u>II. \u0110I\u1ec0U KI\u1ec6N \u0110\u1ed4I TR\u1ea2:<\/u><\/p>\n<div><u>1. Y\u00eau c\u1ea7u cho s\u1ea3n ph\u1ea9m \u0111\u1ed5i tr\u1ea3:<br \/><\/u><\/p>\n<div>\u2013 S\u1ea3n ph\u1ea9m c\u00f2n \u0111\u1ea7y \u0111\u1ee7 ph\u1ee5 ki\u1ec7n v\u00e0 t\u1eb7ng ph\u1ea9m \u0111i k\u00e8m (n\u1ebfu c\u00f3).<br \/>S\u1ea3n ph\u1ea9m kh\u00f4ng b\u1ecb d\u01a1 b\u1ea9n, kh\u00f4ng c\u00f3 m\u00f9i l\u1ea1, kh\u00f4ng c\u00f3 d\u1ea5u hi\u1ec7u \u0111\u00e3 qua s\u1eed d\u1ee5ng.<\/div>\n<p><u>2. Th\u1eddi gian \u0111\u1ed5i tr\u1ea3:<br \/><\/u><\/p>\n<div>\u2013 Trong v\u00f2ng 3 ng\u00e0y t\u00ednh t\u1eeb ng\u00e0y nh\u1eadn h\u00e0ng.<\/div>\n<p><u>3. Chi ph\u00ed \u0111\u1ed5i tr\u1ea3:<br \/><\/u><\/p>\n<div>\u2013 \u0110\u1ed1i v\u1edbi c\u00e1c s\u1ea3n ph\u1ea9m \u0111\u1ed5i l\u1ea1i do l\u1ed7i c\u1ee7a <a href=\"https:\/\/cloudyday.com.vn\/\">https:\/\/cloudyday.com.vn\/<\/a>\u00a0ho\u1eb7c nh\u00e0 cung c\u1ea5p, kh\u00e1ch h\u00e0ng s\u1ebd \u0111\u01b0\u1ee3c mi\u1ec5n ph\u00ed \u0111\u1ed5i tr\u1ea3 v\u00e0 \u0111\u01b0\u1ee3c giao h\u00e0ng mi\u1ec5n ph\u00ed t\u1edbi \u0111\u1ecba \u0111i\u1ec3m ghi tr\u00ean phi\u1ebfu y\u00eau c\u1ea7u \u0111\u1ed5i tr\u1ea3.<br \/>\u2013 \u0110\u1ed1i v\u1edbi c\u00e1c s\u1ea3n ph\u1ea9m tr\u1ea3 l\u1ea1i do kh\u00e1ch h\u00e0ng thay \u0111\u1ed5i nhu c\u1ea7u s\u1eed d\u1ee5ng, kh\u00e1ch h\u00e0ng s\u1ebd \u0111\u01b0\u1ee3c mi\u1ec5n ph\u00ed \u0111\u1ed5i tr\u1ea3 v\u00e0 s\u1ebd ph\u1ea3i tr\u1ea3 ph\u00ed v\u1eadn chuy\u1ec3n theo ch\u00ednh s\u00e1ch giao v\u1eadn c\u1ee7a ch\u00fang t\u00f4i.<\/div>\n<\/div>\n<p><u>III. QUY \u0110\u1ecaNH HO\u00c0N TI\u1ec0N:<br \/><\/u><\/p>\n<div><u>1. Nguy\u00ean t\u1eafc ho\u00e0n ti\u1ec1n:<br \/><\/u><\/p>\n<div>\u2013 Ph\u01b0\u01a1ng th\u1ee9c ho\u00e0n ti\u1ec1n c\u0103n c\u1ee9 theo ph\u01b0\u01a1ng th\u1ee9c thanh to\u00e1n c\u1ee7a Qu\u00fd kh\u00e1ch h\u00e0ng khi mua h\u00e0ng.<\/div>\n<p><u>2. Ph\u01b0\u01a1ng th\u1ee9c ho\u00e0n ti\u1ec1n:<br \/><\/u><\/p>\n<div>\u2013 C\u00e1c ph\u01b0\u01a1ng th\u1ee9c ho\u00e0n ti\u1ec1n bao g\u1ed3m:<\/p>\n<div>+ Ho\u00e0n ti\u1ec1n th\u00f4ng qua chuy\u1ec3n kho\u1ea3n ng\u00e2n h\u00e0ng.<br \/>+ Ho\u00e0n ti\u1ec1n th\u00f4ng qua v\u00ed \u0111i\u1ec7n t\u1eed momo.<\/div>\n<\/div>\n<p><u>3. Th\u1eddi gian x\u1eed l\u00fd:<br \/><\/u><\/p>\n<div>\u2013 Sau khi Qu\u00fd kh\u00e1ch h\u00e0ng g\u1eedi y\u00eau c\u1ea7u\u00a0<a href=\"https:\/\/cloudyday.com.vn\/\">https:\/\/cloudyday.com.vn\/<\/a>\u00a0s\u1ebd ti\u1ebfn h\u00e0nh ki\u1ec3m tra v\u00e0 x\u1eed l\u00fd. N\u1ebfu y\u00eau c\u1ea7u l\u00e0 h\u1ee3p l\u1ec7 Qu\u00fd kh\u00e1ch h\u00e0ng s\u1ebd \u0111\u01b0\u1ee3c ho\u00e0n ti\u1ec1n trong 3 \u0111\u1ebfn 7 ng\u00e0y t\u00ednh t\u1eeb l\u00fac g\u1eedi y\u00eau c\u1ea7u.<\/div>\n<\/div>\n<\/div>\n<\/div>\n<\/section>\n<p><\/main><\/p>\n<footer class=\"main\">\n<section class=\"newsletter p-30 text-white wow fadeIn animated animated animated\">\n<div class=\"container\">\n<div class=\"row align-items-center\">\n<div class=\"col-lg-7 mb-md-3 mb-lg-0\">\n<div class=\"row align-items-center\">\n<div class=\"col flex-horizontal-center\">\u00a0<\/div>\n<\/div>\n<\/div>\n<\/div>\n<\/div>\n<\/section>\n<\/footer>\n\n","protected":false},"excerpt":{"rendered":"<p>\u0110\u1ea3m b\u1ea3o quy\u1ec1n l\u1ee3i c\u1ee7a Qu\u00fd kh\u00e1ch h\u00e0ng l\u00e0 \u01b0u ti\u00ean h\u00e0ng \u0111\u1ea7u c\u1ee7a ch\u00fang t\u00f4i, ch\u00ednh s\u00e1ch \u0111\u1ed5i tr\u1ea3 h\u00e0ng c\u1ee7a cloudyday.com.vn\u00a0quy \u0111\u1ecbnh c\u00e1c tr\u01b0\u1eddng h\u1ee3p ch\u1ea5p nh\u1eadn, y\u00eau c\u1ea7u cho s\u1ea3n ph\u1ea9m \u0111\u01b0\u1ee3c \u0111\u1ed5i tr\u1ea3 v\u00e0 th\u1eddi gian x\u1eed l\u00fd \u0111\u1ed5i tr\u1ea3 \u0111\u1ebfn qu\u00fd kh\u00e1ch h\u00e0ng nh\u01b0 sau : I. QUY \u0110\u1ecaNH \u0110\u1ed4I [&#8230;]\n","protected":false},"author":1,"featured_media":0,"parent":0,"menu_order":0,"comment_status":"closed","ping_status":"closed","template":"","meta":{"footnotes":""},"class_list":["post-134","page","type-page","status-publish","hentry"],"jetpack_sharing_enabled":true,"_links":{"self":[{"href":"https:\/\/cloudyday.com.vn\/index.php?rest_route=\/wp\/v2\/pages\/134","targetHints":{"allow":["GET"]}}],"collection":[{"href":"https:\/\/cloudyday.com.vn\/index.php?rest_route=\/wp\/v2\/pages"}],"about":[{"href":"https:\/\/cloudyday.com.vn\/index.php?rest_route=\/wp\/v2\/types\/page"}],"author":[{"embeddable":true,"href":"https:\/\/cloudyday.com.vn\/index.php?rest_route=\/wp\/v2\/users\/1"}],"replies":[{"embeddable":true,"href":"https:\/\/cloudyday.com.vn\/index.php?rest_route=%2Fwp%2Fv2%2Fcomments&post=134"}],"version-history":[{"count":3,"href":"https:\/\/cloudyday.com.vn\/index.php?rest_route=\/wp\/v2\/pages\/134\/revisions"}],"predecessor-version":[{"id":209,"href":"https:\/\/cloudyday.com.vn\/index.php?rest_route=\/wp\/v2\/pages\/134\/revisions\/209"}],"wp:attachment":[{"href":"https:\/\/cloudyday.com.vn\/index.php?rest_route=%2Fwp%2Fv2%2Fmedia&parent=134"}],"curies":[{"name":"wp","href":"https:\/\/api.w.org\/{rel}","templated":true}]}}