{"id":297,"date":"2026-03-14T15:17:16","date_gmt":"2026-03-14T08:17:16","guid":{"rendered":"https:\/\/cloudyday.com.vn\/?post_type=product&#038;p=297"},"modified":"2026-03-17T15:47:40","modified_gmt":"2026-03-17T08:47:40","slug":"hoa-tulip-kem-nhung-bo-lon","status":"publish","type":"product","link":"https:\/\/cloudyday.com.vn\/?product=hoa-tulip-kem-nhung-bo-lon","title":{"rendered":"Hoa Tulip k\u1ebdm nhung (b\u00f3 l\u1edbn)"},"content":{"rendered":"<p data-path-to-node=\"5\">B\u00f3 hoa k\u1ebdm nhung n\u00e0y l\u00e0 s\u1ef1 k\u1ebft h\u1ee3p tinh t\u1ebf gi\u1eefa s\u1ef1 kh\u00e9o l\u00e9o c\u1ee7a \u0111\u00f4i b\u00e0n tay v\u00e0 phong c\u00e1ch th\u1ea9m m\u1ef9 hi\u1ec7n \u0111\u1ea1i. T\u00e2m \u0111i\u1ec3m c\u1ee7a b\u00f3 hoa l\u00e0 nh\u1eefng \u0111\u00f3a <b data-path-to-node=\"5\" data-index-in-node=\"141\">Tulip m\u00e0u h\u1ed3ng c\u00e1nh sen<\/b> \u0111\u01b0\u1ee3c u\u1ed1n n\u1eafn t\u1ec9 m\u1ec9, t\u1ea1o \u0111\u1ed9 cong t\u1ef1 nhi\u00ean nh\u01b0 hoa th\u1eadt. \u0110i\u1ec3m xuy\u1ebft gi\u1eefa s\u1eafc h\u1ed3ng l\u00e0 nh\u1eefng b\u00f4ng <b data-path-to-node=\"5\" data-index-in-node=\"259\">C\u00fac h\u1ecda mi tr\u1eafng<\/b> nh\u1ecf xinh v\u1edbi nh\u1ee5y v\u00e0ng n\u1ed5i b\u1eadt, mang l\u1ea1i c\u1ea3m gi\u00e1c nh\u1eb9 nh\u00e0ng v\u00e0 tr\u00e0n \u0111\u1ea7y s\u1ee9c s\u1ed1ng.<\/p>\n<p data-path-to-node=\"6\">Ph\u1ea7n gi\u1ea5y g\u00f3i \u0111\u01b0\u1ee3c l\u1ef1a ch\u1ecdn t\u00f4ng m\u00e0u h\u1ed3ng pastel \u0111\u1ed3ng \u0111i\u1ec7u, t\u1ea1o n\u00ean m\u1ed9t t\u1ed5ng th\u1ec3 h\u00e0i h\u00f2a v\u00e0 ng\u1ecdt ng\u00e0o. Chi\u1ebfc n\u01a1 ruy b\u0103ng voan tr\u1eafng b\u1ea3n to kh\u00f4ng ch\u1ec9 gi\u00fap c\u1ed1 \u0111\u1ecbnh b\u00f3 hoa m\u00e0 c\u00f2n t\u1ea1o \u0111i\u1ec3m nh\u1ea5n b\u1ed3ng b\u1ec1nh, sang tr\u1ecdng.<\/p>\n<p data-path-to-node=\"7\">Kh\u00e1c v\u1edbi hoa t\u01b0\u01a1i, b\u00f3 hoa k\u1ebdm nhung n\u00e0y c\u00f3 \u01b0u \u0111i\u1ec3m tuy\u1ec7t \u0111\u1ed1i v\u1ec1 <b data-path-to-node=\"7\" data-index-in-node=\"64\">\u0111\u1ed9 b\u1ec1n<\/b>, t\u01b0\u1ee3ng tr\u01b0ng cho m\u1ed9t t\u00ecnh c\u1ea3m g\u1eafn b\u00f3 l\u00e2u d\u00e0i. \u0110\u00e2y s\u1ebd l\u00e0 m\u00f3n qu\u00e0 \u00fd ngh\u0129a d\u00e0nh t\u1eb7ng b\u1ea1n b\u00e8, ng\u01b0\u1eddi th\u00e2n trong c\u00e1c d\u1ecbp sinh nh\u1eadt, l\u1ec5 t\u1ed1t nghi\u1ec7p hay k\u1ef7 ni\u1ec7m, gi\u00fap l\u01b0u gi\u1eef nh\u1eefng kho\u1ea3nh kh\u1eafc \u0111\u1eb9p m\u1ed9t c\u00e1ch v\u0129nh c\u1eedu.<\/p>\n","protected":false},"excerpt":{"rendered":"<ul>\n<li>\n<p data-path-to-node=\"2,0,0\"><b data-path-to-node=\"2,0,0\" data-index-in-node=\"0\">S\u1ea3n ph\u1ea9m:<\/b> B\u00f3 hoa handmade ph\u1ed1i h\u1ee3p gi\u1eefa hoa Tulip v\u00e0 C\u00fac h\u1ecda mi.<\/p>\n<\/li>\n<li>\n<p data-path-to-node=\"2,1,0\"><b data-path-to-node=\"2,1,0\" data-index-in-node=\"0\">Ch\u1ea5t li\u1ec7u:<\/b> K\u1ebdm nhung lo\u1ea1i 1, s\u1ee3i m\u1ec1m m\u1ecbn, m\u00e0u s\u1eafc s\u1eafc n\u00e9t.<\/p>\n<\/li>\n<li>\n<p data-path-to-node=\"2,2,0\"><b data-path-to-node=\"2,2,0\" data-index-in-node=\"0\">Tone m\u00e0u:<\/b> H\u1ed3ng pastel ch\u1ee7 \u0111\u1ea1o ph\u1ed1i tr\u1eafng tinh kh\u00f4i v\u00e0 xanh l\u00e1.<\/p>\n<\/li>\n<li>\n<p data-path-to-node=\"2,3,0\"><b data-path-to-node=\"2,3,0\" data-index-in-node=\"0\">Phong c\u00e1ch:<\/b> Hi\u1ec7n \u0111\u1ea1i, ng\u1ecdt ng\u00e0o, chu\u1ea9n phong c\u00e1ch H\u00e0n Qu\u1ed1c.<\/p>\n<\/li>\n<li>\n<p data-path-to-node=\"2,4,0\"><b data-path-to-node=\"2,4,0\" data-index-in-node=\"0\">\u01afu \u0111i\u1ec3m:<\/b> B\u1ec1n b\u1ec9 theo th\u1eddi gian, kh\u00f4ng t\u00e0n, d\u1ec5 d\u00e0ng v\u1ec7 sinh v\u00e0 tr\u01b0ng b\u00e0y.<\/p>\n<\/li>\n<li>\n<p data-path-to-node=\"2,5,0\"><b data-path-to-node=\"2,5,0\" data-index-in-node=\"0\">Ph\u1ee5 ki\u1ec7n:<\/b> Gi\u1ea5y g\u00f3i cao c\u1ea5p v\u00e0 n\u01a1 voan tr\u1eafng b\u1ed3ng b\u1ec1nh.<\/p>\n<\/li>\n<\/ul>\n","protected":false},"featured_media":251,"comment_status":"open","ping_status":"closed","template":"","meta":[],"product_brand":[],"product_cat":[15,31],"product_tag":[],"class_list":{"0":"post-297","1":"product","2":"type-product","3":"status-publish","4":"has-post-thumbnail","6":"product_cat-bo-hoa-mini","7":"product_cat-qua-tang-8-3","9":"first","10":"instock","11":"shipping-taxable","12":"purchasable","13":"product-type-simple"},"jetpack_sharing_enabled":true,"_links":{"self":[{"href":"https:\/\/cloudyday.com.vn\/index.php?rest_route=\/wp\/v2\/product\/297","targetHints":{"allow":["GET"]}}],"collection":[{"href":"https:\/\/cloudyday.com.vn\/index.php?rest_route=\/wp\/v2\/product"}],"about":[{"href":"https:\/\/cloudyday.com.vn\/index.php?rest_route=\/wp\/v2\/types\/product"}],"replies":[{"embeddable":true,"href":"https:\/\/cloudyday.com.vn\/index.php?rest_route=%2Fwp%2Fv2%2Fcomments&post=297"}],"wp:featuredmedia":[{"embeddable":true,"href":"https:\/\/cloudyday.com.vn\/index.php?rest_route=\/wp\/v2\/media\/251"}],"wp:attachment":[{"href":"https:\/\/cloudyday.com.vn\/index.php?rest_route=%2Fwp%2Fv2%2Fmedia&parent=297"}],"wp:term":[{"taxonomy":"product_brand","embeddable":true,"href":"https:\/\/cloudyday.com.vn\/index.php?rest_route=%2Fwp%2Fv2%2Fproduct_brand&post=297"},{"taxonomy":"product_cat","embeddable":true,"href":"https:\/\/cloudyday.com.vn\/index.php?rest_route=%2Fwp%2Fv2%2Fproduct_cat&post=297"},{"taxonomy":"product_tag","embeddable":true,"href":"https:\/\/cloudyday.com.vn\/index.php?rest_route=%2Fwp%2Fv2%2Fproduct_tag&post=297"}],"curies":[{"name":"wp","href":"https:\/\/api.w.org\/{rel}","templated":true}]}}